{"id":295,"date":"2021-10-14T18:04:23","date_gmt":"2021-10-14T16:04:23","guid":{"rendered":"https:\/\/www.pw-ag.de\/wir-pflanzen-zukunft\/?page_id=295"},"modified":"2021-10-25T11:55:51","modified_gmt":"2021-10-25T09:55:51","slug":"teilnahmebedingungen","status":"publish","type":"page","link":"https:\/\/www.pw-ag.de\/wir-pflanzen-zukunft\/teilnahmebedingungen\/","title":{"rendered":"Teilnahmebedingungen"},"content":{"rendered":"\t\t<div data-elementor-type=\"wp-page\" data-elementor-id=\"295\" class=\"elementor elementor-295\" data-elementor-post-type=\"page\">\n\t\t\t\t\t\t<section class=\"elementor-section elementor-top-section elementor-element elementor-element-6d6df03 elementor-section-boxed elementor-section-height-default elementor-section-height-default\" data-id=\"6d6df03\" data-element_type=\"section\">\n\t\t\t\t\t\t<div class=\"elementor-container elementor-column-gap-default\">\n\t\t\t\t\t<div class=\"elementor-column elementor-col-100 elementor-top-column elementor-element elementor-element-6abd21b\" data-id=\"6abd21b\" data-element_type=\"column\">\n\t\t\t<div class=\"elementor-widget-wrap elementor-element-populated\">\n\t\t\t\t\t\t<div class=\"elementor-element elementor-element-a953e95 elementor-widget elementor-widget-heading\" data-id=\"a953e95\" data-element_type=\"widget\" data-widget_type=\"heading.default\">\n\t\t\t\t<div class=\"elementor-widget-container\">\n\t\t\t<h1 class=\"elementor-heading-title elementor-size-default\">Teilnahmebedingungen<\/h1>\t\t<\/div>\n\t\t\t\t<\/div>\n\t\t\t\t<div class=\"elementor-element elementor-element-87808f2 elementor-widget elementor-widget-heading\" data-id=\"87808f2\" data-element_type=\"widget\" data-widget_type=\"heading.default\">\n\t\t\t\t<div class=\"elementor-widget-container\">\n\t\t\t<h5 class=\"elementor-heading-title elementor-size-default\">Teilnahmebedingungen \u201eWIR pflanzen Zukunft\u201c \u2013 Gewinnspiel<\/h5>\t\t<\/div>\n\t\t\t\t<\/div>\n\t\t\t\t<div class=\"elementor-element elementor-element-1735c31 elementor-widget elementor-widget-text-editor\" data-id=\"1735c31\" data-element_type=\"widget\" data-widget_type=\"text-editor.default\">\n\t\t\t\t<div class=\"elementor-widget-container\">\n\t\t\t\t\t\t\t<p>\u00a7 1 Veranstalter<\/p><p>Das Gewinnspiel wird durchgef\u00fchrt von der PW AG Wirtschaftspr\u00fcfungsgesellschaft in 20354 Hamburg (nachfolgend \u201ePW\u201c genannt). Das Gewinnspiel steht in keiner Verbindung zu Facebook, LinkedIn oder anderen Internet-Plattformen und wird in keiner Weise von diesen gesponsert, unterst\u00fctzt oder organisiert. Ansprechpartner und Verantwortlicher ist alleine PW.<\/p>\t\t\t\t\t\t<\/div>\n\t\t\t\t<\/div>\n\t\t\t\t<div class=\"elementor-element elementor-element-7e05dbb elementor-widget elementor-widget-text-editor\" data-id=\"7e05dbb\" data-element_type=\"widget\" data-widget_type=\"text-editor.default\">\n\t\t\t\t<div class=\"elementor-widget-container\">\n\t\t\t\t\t\t\t\u00a7 2 Wie erfolgt die Teilnahme?\n<br><br>\nUm an dem Gewinnspiel teilnehmen zu k\u00f6nnen, muss ein Teilnehmer in dem Gewinnspiel-G\u00e4stebuch (siehe dazu \u00a73) einen g\u00fcltigen Kommentar hinterlassen. Der Kommentar soll m\u00f6glichst auch ein Beispiel nennen, wie der Teilnehmer selbst klimaschutzverantwortlich handelt. Absch\u00e4tzige Kommentare oder solche mit diskriminierendem oder rassistischem Inhalt werden nicht angenommen und gewertet. Im Zweifel entscheidet der Veranstalter. Die Entscheidung ist unanfechtbar.\t\t\t\t\t\t<\/div>\n\t\t\t\t<\/div>\n\t\t\t\t<div class=\"elementor-element elementor-element-1fd5c56 elementor-widget elementor-widget-text-editor\" data-id=\"1fd5c56\" data-element_type=\"widget\" data-widget_type=\"text-editor.default\">\n\t\t\t\t<div class=\"elementor-widget-container\">\n\t\t\t\t\t\t\t<p>\u00a7 3 Teilnahmeberechtigung<\/p><p>Mit der Teilnahme am Gewinnspiel, welche durch einen wie in \u00a72 beschriebenen g\u00fcltigen Kommentar innerhalb des Gewinnspiel-G\u00e4stebuchs erfolgt, akzeptiert der Teilnehmer die Teilnahmebedingungen am Gewinnspiel. Teilnahmeberechtigt sind alle nat\u00fcrlichen Personen mit einem st\u00e4ndigen Wohnsitz in Deutschland und einem Mindestalter von 14 Jahren. Mitarbeiter von PW sowie deren Familien- und Haushaltsangeh\u00f6rige sind zur Teilnahme nicht berechtigt.<\/p>\t\t\t\t\t\t<\/div>\n\t\t\t\t<\/div>\n\t\t\t\t<div class=\"elementor-element elementor-element-fc6773b elementor-widget elementor-widget-text-editor\" data-id=\"fc6773b\" data-element_type=\"widget\" data-widget_type=\"text-editor.default\">\n\t\t\t\t<div class=\"elementor-widget-container\">\n\t\t\t\t\t\t\t<p>\u00a7 4 Ausschluss von Teilnehmern<\/p><p>PW beh\u00e4lt sich das Recht vor, Teilnehmer, die falsche oder unvollst\u00e4ndige Angaben machen, sich unerlaubter Hilfsmittel bedienen, bei denen der Verdacht auf Manipulation oder Diskriminierung anderer Personen besteht (auch wenn dies im konkreten Kommentar nicht erkennbar ist), oder die in sonstiger Weise gegen die Teilnahmebedingungen versto\u00dfen, ohne Angabe von Gr\u00fcnden von dem Wettbewerb g\u00e4nzlich und ersatzlos auszuschlie\u00dfen und den G\u00e4stebuch-Eintrag zu l\u00f6schen. Jeder Teilnehmer darf nur einmal am Gewinnspiel (siehe \u00a73) teilnehmen. PW beh\u00e4lt sich vor, diskriminierende, beleidigende und\/oder in anderer Art unpassende Kommentare zu l\u00f6schen. Im Zweifel entscheidet der Veranstalter. Die Entscheidung ist unanfechtbar.<\/p>\t\t\t\t\t\t<\/div>\n\t\t\t\t<\/div>\n\t\t\t\t<div class=\"elementor-element elementor-element-d50bd5c elementor-widget elementor-widget-text-editor\" data-id=\"d50bd5c\" data-element_type=\"widget\" data-widget_type=\"text-editor.default\">\n\t\t\t\t<div class=\"elementor-widget-container\">\n\t\t\t\t\t\t\t<p>\u00a7 5 Was kann man gewinnen?<\/p><p>Die Einsender der ersten 25 Eintragungen im G\u00e4stebuch erhalten je einen 10\u20ac Deutsche Bahn Gutschein. Unter den n\u00e4chsten Eintragungen wird unter jeweils 5 Eintragungen ein 10 \u20ac Deutsche Bahn Gutschein verlost. Unter allen Teilnehmern werden am Ende des Wettbewerbs au\u00dferdem zwei DB-Gutscheine im Wert von je 125 \u20ac verlost.<\/p>\t\t\t\t\t\t<\/div>\n\t\t\t\t<\/div>\n\t\t\t\t<div class=\"elementor-element elementor-element-0e34f59 elementor-widget elementor-widget-text-editor\" data-id=\"0e34f59\" data-element_type=\"widget\" data-widget_type=\"text-editor.default\">\n\t\t\t\t<div class=\"elementor-widget-container\">\n\t\t\t\t\t\t\t<p>\u00a7 6 Gewinnspielzeitraum<\/p><p>Das Gewinnspiel findet vom 01.09.2021 ab Ver\u00f6ffentlichung des Gewinnspielposts bis zum 30.11.2022 um 23:59 Uhr statt.<\/p>\t\t\t\t\t\t<\/div>\n\t\t\t\t<\/div>\n\t\t\t\t<div class=\"elementor-element elementor-element-14a0b63 elementor-widget elementor-widget-text-editor\" data-id=\"14a0b63\" data-element_type=\"widget\" data-widget_type=\"text-editor.default\">\n\t\t\t\t<div class=\"elementor-widget-container\">\n\t\t\t\t\t\t\t<p>\u00a7 7 Teilnahmebeginn und Teilnahmeschluss<\/p><p>Das Gewinnspiel beginnt mit der Einsendung eines vorgeschlagenen Eintrages f\u00fcr das Gewinnspiel-G\u00e4stebuch. (wie in \u00a7 2 und \u00a7 3 beschrieben) am 01.09.2021. Teilnahmeschluss des Gewinnspiels ist am 30.11.2022, 23:59 Uhr.<\/p>\t\t\t\t\t\t<\/div>\n\t\t\t\t<\/div>\n\t\t\t\t<div class=\"elementor-element elementor-element-5c9d39a elementor-widget elementor-widget-text-editor\" data-id=\"5c9d39a\" data-element_type=\"widget\" data-widget_type=\"text-editor.default\">\n\t\t\t\t<div class=\"elementor-widget-container\">\n\t\t\t\t\t\t\t<p>\u00a7 8 Gewinnermittlung<\/p><p>Die Einsender der ersten 25 Eintragungen im G\u00e4stebuch erhalten einen 10 \u20ac Gutschein der Deutschen Bahn; ma\u00dfgeblich ist der Zeitpunkt des Eingangs des vorgeschlagenen G\u00e4stebuch-Eintrages. Die Auslosung und Bekanntgabe der Hauptgewinner findet am 06.12.2022 statt.<\/p>\t\t\t\t\t\t<\/div>\n\t\t\t\t<\/div>\n\t\t\t\t<div class=\"elementor-element elementor-element-2b93c8b elementor-widget elementor-widget-text-editor\" data-id=\"2b93c8b\" data-element_type=\"widget\" data-widget_type=\"text-editor.default\">\n\t\t\t\t<div class=\"elementor-widget-container\">\n\t\t\t\t\t\t\t<p>\u00a7 9 Gewinnmitteilung<\/p><p>Die DB-Gutscheine werden unmittelbar nach Eintragung des G\u00e4stebucheintrages an die im Anmeldeformular angegebene Adresse des Gewinners versendet.<br \/>Die Hauptgewinner werden unmittelbar nach der Auslosung benachrichtigt.<\/p>\t\t\t\t\t\t<\/div>\n\t\t\t\t<\/div>\n\t\t\t\t<div class=\"elementor-element elementor-element-e385f23 elementor-widget elementor-widget-text-editor\" data-id=\"e385f23\" data-element_type=\"widget\" data-widget_type=\"text-editor.default\">\n\t\t\t\t<div class=\"elementor-widget-container\">\n\t\t\t\t\t\t\t<p>\u00a7 10 Gewinn\u00fcbermittlung<\/p><p>Sobald PW den Gewinner wie in \u00a7 8 beschrieben ermittelt und wie in \u00a7 9 beschrieben benachrichtigt hat und der Gewinner die erforderlichen Informationen an PW geschickt hat, erh\u00e4lt er den Hauptgewinn als Gutschein per Post zugesandt. Eine Barauszahlung des Gewinns ist nicht m\u00f6glich. Gewinne sind nicht \u00fcbertragbar.<\/p>\t\t\t\t\t\t<\/div>\n\t\t\t\t<\/div>\n\t\t\t\t<div class=\"elementor-element elementor-element-c233afb elementor-widget elementor-widget-text-editor\" data-id=\"c233afb\" data-element_type=\"widget\" data-widget_type=\"text-editor.default\">\n\t\t\t\t<div class=\"elementor-widget-container\">\n\t\t\t\t\t\t\t<p>\u00a7 11 Nutzungsrechte und Datenschutz<\/p><p>Jeder Teilnehmer erkl\u00e4rt sich mit der Teilnahme an diesem Gewinnspiel einverstanden, dass seine Beitr\u00e4ge zum Gewinnspiel sowie Teilnehmer-Name und Ort im Zusammenhang mit der Gewinnspielaktion, Abwicklung oder Pr\u00e4sentation der Teilnehmerbeitr\u00e4ge von PW in Online-wie Offlinemedien Dritten \u00f6ffentlich bekannt gegeben werden. Die gesetzlichen Widerrufsrechte (siehe \u00a7 17) des Teilnehmers bleiben unber\u00fchrt. Die vom Teilnehmer angegebenen personenbezogenen Daten werden ausschlie\u00dflich zur Durchf\u00fchrung und Abwicklung des Gewinnspiels gespeichert und nach Auslosung und Gewinn\u00fcbermittlung gel\u00f6scht. Eine Weitergabe der Daten an Dritte erfolgt nicht, es sei denn, dies ist zur Durchf\u00fchrung und Abwicklung des Gewinnspiels zwingend erforderlich oder erfolgt aufgrund gesetzlicher Anordnung. PW gew\u00e4hrt im Rahmen des Gewinnspiels den gr\u00f6\u00dftm\u00f6glichen datenschutzrechtlichen Standard und beachtet alle diesbez\u00fcglich einschl\u00e4gigen gesetzlichen Bestimmungen.<\/p>\t\t\t\t\t\t<\/div>\n\t\t\t\t<\/div>\n\t\t\t\t<div class=\"elementor-element elementor-element-21ddda9 elementor-widget elementor-widget-text-editor\" data-id=\"21ddda9\" data-element_type=\"widget\" data-widget_type=\"text-editor.default\">\n\t\t\t\t<div class=\"elementor-widget-container\">\n\t\t\t\t\t\t\t<p>\u00a7 12 Au\u00dferordentliche \u00c4nderung oder vorzeitige Beendigung des Gewinnspiels<\/p><p>Bis zur Ank\u00fcndigung des Gewinners beh\u00e4lt sich PW dar\u00fcber hinaus ausdr\u00fccklich vor, ohne Ank\u00fcndigung oder Angabe von Gr\u00fcnden den Spielablauf zu ver\u00e4ndern. Hieraus entstehen keine Anspr\u00fcche der Teilnehmer gegen\u00fcber PW. Insbesondere beh\u00e4lt sich PW vor, die Anzahl der Gewinne zu erweitern und die Regeln f\u00fcr die hinzukommenden Gewinne zu \u00e4ndern.<\/p>\t\t\t\t\t\t<\/div>\n\t\t\t\t<\/div>\n\t\t\t\t<div class=\"elementor-element elementor-element-415cb87 elementor-widget elementor-widget-text-editor\" data-id=\"415cb87\" data-element_type=\"widget\" data-widget_type=\"text-editor.default\">\n\t\t\t\t<div class=\"elementor-widget-container\">\n\t\t\t\t\t\t\t<p>\u00a7 13 Hinweise zu Facebook, LinkedIn und Sonstiges<\/p><p>Das Gewinnspiel steht in keiner Verbindung zu Facebook oder LinkedIn oder anderen Online-Plattformen und wird in keiner Weise von diesen gesponsort, unterst\u00fctzt oder organisiert. Ansprechpartner und Verantwortlicher ist alleine PW und somit alleiniger Ansprechpartner und Verantwortlicher.<\/p>\t\t\t\t\t\t<\/div>\n\t\t\t\t<\/div>\n\t\t\t\t<div class=\"elementor-element elementor-element-1d6bcfd elementor-widget elementor-widget-text-editor\" data-id=\"1d6bcfd\" data-element_type=\"widget\" data-widget_type=\"text-editor.default\">\n\t\t\t\t<div class=\"elementor-widget-container\">\n\t\t\t\t\t\t\t<p>\u00a7 14 Gew\u00e4hrleistungsausschluss<\/p><p>PW \u00fcbernimmt keine Haftung f\u00fcr unmittelbare oder mittelbare Sch\u00e4den, die sich aus einer Teilnahme, der Verlosung oder der Nutzung der Gewinne ergeben k\u00f6nnen. Weiter haftet PW nicht f\u00fcr Qualit\u00e4tsm\u00e4ngel der Gewinne. Schadensersatzanspr\u00fcche gegen\u00fcber PW, die im Zusammenhang mit dem Gewinnspiel stehen, sind unabh\u00e4ngig vom Rechtsgrund ausgeschlossen, es sei denn, PW h\u00e4tte vors\u00e4tzlich oder grob fahrl\u00e4ssig gesetzliche Pflichten verletzt. PW haftet zudem nicht f\u00fcr Sch\u00e4den aus der Beeintr\u00e4chtigung der Verf\u00fcgbarkeit des Gewinnspiels bei nicht beeinflussbaren technischen St\u00f6rungen und Ereignissen h\u00f6herer Gewalt sowie Angriffen Dritter. PW wird jedoch alles Zumutbare unternehmen, um die Zuverl\u00e4ssigkeit und Funktionsf\u00e4higkeit des Gewinnspiels sicherzustellen. Weiterhin \u00fcbernimmt PW keine Garantie daf\u00fcr, dass das Gewinnspiel auf dem jeweiligen Teilnehmerrechner oder Mobilger\u00e4t ordnungsgem\u00e4\u00df funktioniert.<\/p><p>\u00a7 15 Gerichtsstand \/ Anwendbares Recht<\/p><p>Bei Streitigkeiten gilt ausschlie\u00dflich deutsches Recht. Als Gerichtsstand gilt der st\u00e4ndige Wohnsitz des Teilnehmers. Sollte der Teilnehmer nach der Teilnahme den Wohnsitz ins Ausland verlegt haben, wird der Sitz von PW als Gerichtsstand vereinbart.<\/p><p>\u00a7 16 Kontakt<\/p><p>Bei Fragen zur Durchf\u00fchrung dieses Gewinnspiels und der Verarbeitung und Nutzung von pers\u00f6nlichen Daten wenden Sie sich bitte entweder an:<br \/>PW AG Wirtschaftspr\u00fcfungsgesellschaft<br \/>\u201eWIR pflanzen Zukunft\u201c \u2013 Gewinnspiel<br \/>Jungfernstieg 49<br \/>20354 Hamburg<br \/>oder \u201einfo@pw-ag.com\u201c<\/p><p>\u00a7 17 Widerrufsbelehrung<\/p><p>Diese Einwilligung kann durch den Teilnehmer jederzeit und mit Wirkung f\u00fcr die Zukunft widerrufen werden, indem der Teilnehmer formlos eine E-Mail an:<br \/><a href=\"mailto:info@pw-ag.com\">info@pw-ag.com<br \/><\/a>oder einen Brief an<br \/>PW AG Wirtschaftspr\u00fcfungsgesellschaft<br \/>Jungfernstieg 49<br \/>20354 Hamburg<br \/>sendet.<br \/>Im Falle des Widerrufs ist ein etwaig bereits \u00fcbermittelter Gewinn in natura oder als Wertersatz zur\u00fcckzugeben, damit der Teilnehmer als Gewinner gel\u00f6scht werden kann.<\/p>\t\t\t\t\t\t<\/div>\n\t\t\t\t<\/div>\n\t\t\t\t\t<\/div>\n\t\t<\/div>\n\t\t\t\t\t<\/div>\n\t\t<\/section>\n\t\t\t\t<\/div>\n\t\t","protected":false},"excerpt":{"rendered":"<p>Teilnahmebedingungen Teilnahmebedingungen \u201eWIR pflanzen Zukunft\u201c \u2013 Gewinnspiel \u00a7 1 Veranstalter Das Gewinnspiel wird durchgef\u00fchrt von der PW AG Wirtschaftspr\u00fcfungsgesellschaft in 20354 Hamburg (nachfolgend \u201ePW\u201c genannt). Das Gewinnspiel steht in keiner Verbindung zu Facebook, LinkedIn oder anderen Internet-Plattformen und wird in keiner Weise von diesen gesponsert, unterst\u00fctzt oder organisiert. Ansprechpartner und Verantwortlicher ist alleine PW. \u00a7 [&hellip;]<\/p>\n","protected":false},"author":1,"featured_media":0,"parent":0,"menu_order":0,"comment_status":"closed","ping_status":"closed","template":"elementor_header_footer","meta":{"_acf_changed":false,"footnotes":""},"acf":[],"yoast_head":"<!-- This site is optimized with the Yoast SEO plugin v22.0 - https:\/\/yoast.com\/wordpress\/plugins\/seo\/ -->\n<title>Teilnahmebedingungen - PW AG | Wir pflanzen Zukunft<\/title>\n<meta name=\"robots\" content=\"index, follow, max-snippet:-1, max-image-preview:large, max-video-preview:-1\" \/>\n<link rel=\"canonical\" href=\"https:\/\/www.pw-ag.de\/wir-pflanzen-zukunft\/teilnahmebedingungen\/\" \/>\n<meta property=\"og:locale\" content=\"de_DE\" \/>\n<meta property=\"og:type\" content=\"article\" \/>\n<meta property=\"og:title\" content=\"Teilnahmebedingungen - PW AG | Wir pflanzen Zukunft\" \/>\n<meta property=\"og:description\" content=\"Teilnahmebedingungen Teilnahmebedingungen \u201eWIR pflanzen Zukunft\u201c \u2013 Gewinnspiel \u00a7 1 Veranstalter Das Gewinnspiel wird durchgef\u00fchrt von der PW AG Wirtschaftspr\u00fcfungsgesellschaft in 20354 Hamburg (nachfolgend \u201ePW\u201c genannt). Das Gewinnspiel steht in keiner Verbindung zu Facebook, LinkedIn oder anderen Internet-Plattformen und wird in keiner Weise von diesen gesponsert, unterst\u00fctzt oder organisiert. Ansprechpartner und Verantwortlicher ist alleine PW. \u00a7 [&hellip;]\" \/>\n<meta property=\"og:url\" content=\"https:\/\/www.pw-ag.de\/wir-pflanzen-zukunft\/teilnahmebedingungen\/\" \/>\n<meta property=\"og:site_name\" content=\"PW AG | Wir pflanzen Zukunft\" \/>\n<meta property=\"article:modified_time\" content=\"2021-10-25T09:55:51+00:00\" \/>\n<meta name=\"twitter:card\" content=\"summary_large_image\" \/>\n<meta name=\"twitter:label1\" content=\"Gesch\u00e4tzte Lesezeit\" \/>\n\t<meta name=\"twitter:data1\" content=\"5\u00a0Minuten\" \/>\n<script type=\"application\/ld+json\" class=\"yoast-schema-graph\">{\"@context\":\"https:\/\/schema.org\",\"@graph\":[{\"@type\":\"WebPage\",\"@id\":\"https:\/\/www.pw-ag.de\/wir-pflanzen-zukunft\/teilnahmebedingungen\/\",\"url\":\"https:\/\/www.pw-ag.de\/wir-pflanzen-zukunft\/teilnahmebedingungen\/\",\"name\":\"Teilnahmebedingungen - PW AG | Wir pflanzen Zukunft\",\"isPartOf\":{\"@id\":\"https:\/\/www.pw-ag.de\/wir-pflanzen-zukunft\/#website\"},\"datePublished\":\"2021-10-14T16:04:23+00:00\",\"dateModified\":\"2021-10-25T09:55:51+00:00\",\"breadcrumb\":{\"@id\":\"https:\/\/www.pw-ag.de\/wir-pflanzen-zukunft\/teilnahmebedingungen\/#breadcrumb\"},\"inLanguage\":\"de\",\"potentialAction\":[{\"@type\":\"ReadAction\",\"target\":[\"https:\/\/www.pw-ag.de\/wir-pflanzen-zukunft\/teilnahmebedingungen\/\"]}]},{\"@type\":\"BreadcrumbList\",\"@id\":\"https:\/\/www.pw-ag.de\/wir-pflanzen-zukunft\/teilnahmebedingungen\/#breadcrumb\",\"itemListElement\":[{\"@type\":\"ListItem\",\"position\":1,\"name\":\"Startseite\",\"item\":\"https:\/\/www.pw-ag.de\/wir-pflanzen-zukunft\/\"},{\"@type\":\"ListItem\",\"position\":2,\"name\":\"Teilnahmebedingungen\"}]},{\"@type\":\"WebSite\",\"@id\":\"https:\/\/www.pw-ag.de\/wir-pflanzen-zukunft\/#website\",\"url\":\"https:\/\/www.pw-ag.de\/wir-pflanzen-zukunft\/\",\"name\":\"PW AG | Wir pflanzen Zukunft\",\"description\":\"\",\"publisher\":{\"@id\":\"https:\/\/www.pw-ag.de\/wir-pflanzen-zukunft\/#organization\"},\"potentialAction\":[{\"@type\":\"SearchAction\",\"target\":{\"@type\":\"EntryPoint\",\"urlTemplate\":\"https:\/\/www.pw-ag.de\/wir-pflanzen-zukunft\/?s={search_term_string}\"},\"query-input\":\"required name=search_term_string\"}],\"inLanguage\":\"de\"},{\"@type\":\"Organization\",\"@id\":\"https:\/\/www.pw-ag.de\/wir-pflanzen-zukunft\/#organization\",\"name\":\"PW AG | Wir pflanzen Zukunft\",\"url\":\"https:\/\/www.pw-ag.de\/wir-pflanzen-zukunft\/\",\"logo\":{\"@type\":\"ImageObject\",\"inLanguage\":\"de\",\"@id\":\"https:\/\/www.pw-ag.de\/wir-pflanzen-zukunft\/#\/schema\/logo\/image\/\",\"url\":\"https:\/\/www.pw-ag.de\/wir-pflanzen-zukunft\/wp-content\/uploads\/WpZ_Logo.png\",\"contentUrl\":\"https:\/\/www.pw-ag.de\/wir-pflanzen-zukunft\/wp-content\/uploads\/WpZ_Logo.png\",\"width\":2407,\"height\":697,\"caption\":\"PW AG | Wir pflanzen Zukunft\"},\"image\":{\"@id\":\"https:\/\/www.pw-ag.de\/wir-pflanzen-zukunft\/#\/schema\/logo\/image\/\"}}]}<\/script>\n<!-- \/ Yoast SEO plugin. -->","yoast_head_json":{"title":"Teilnahmebedingungen - PW AG | Wir pflanzen Zukunft","robots":{"index":"index","follow":"follow","max-snippet":"max-snippet:-1","max-image-preview":"max-image-preview:large","max-video-preview":"max-video-preview:-1"},"canonical":"https:\/\/www.pw-ag.de\/wir-pflanzen-zukunft\/teilnahmebedingungen\/","og_locale":"de_DE","og_type":"article","og_title":"Teilnahmebedingungen - PW AG | Wir pflanzen Zukunft","og_description":"Teilnahmebedingungen Teilnahmebedingungen \u201eWIR pflanzen Zukunft\u201c \u2013 Gewinnspiel \u00a7 1 Veranstalter Das Gewinnspiel wird durchgef\u00fchrt von der PW AG Wirtschaftspr\u00fcfungsgesellschaft in 20354 Hamburg (nachfolgend \u201ePW\u201c genannt). Das Gewinnspiel steht in keiner Verbindung zu Facebook, LinkedIn oder anderen Internet-Plattformen und wird in keiner Weise von diesen gesponsert, unterst\u00fctzt oder organisiert. Ansprechpartner und Verantwortlicher ist alleine PW. \u00a7 [&hellip;]","og_url":"https:\/\/www.pw-ag.de\/wir-pflanzen-zukunft\/teilnahmebedingungen\/","og_site_name":"PW AG | Wir pflanzen Zukunft","article_modified_time":"2021-10-25T09:55:51+00:00","twitter_card":"summary_large_image","twitter_misc":{"Gesch\u00e4tzte Lesezeit":"5\u00a0Minuten"},"schema":{"@context":"https:\/\/schema.org","@graph":[{"@type":"WebPage","@id":"https:\/\/www.pw-ag.de\/wir-pflanzen-zukunft\/teilnahmebedingungen\/","url":"https:\/\/www.pw-ag.de\/wir-pflanzen-zukunft\/teilnahmebedingungen\/","name":"Teilnahmebedingungen - PW AG | Wir pflanzen Zukunft","isPartOf":{"@id":"https:\/\/www.pw-ag.de\/wir-pflanzen-zukunft\/#website"},"datePublished":"2021-10-14T16:04:23+00:00","dateModified":"2021-10-25T09:55:51+00:00","breadcrumb":{"@id":"https:\/\/www.pw-ag.de\/wir-pflanzen-zukunft\/teilnahmebedingungen\/#breadcrumb"},"inLanguage":"de","potentialAction":[{"@type":"ReadAction","target":["https:\/\/www.pw-ag.de\/wir-pflanzen-zukunft\/teilnahmebedingungen\/"]}]},{"@type":"BreadcrumbList","@id":"https:\/\/www.pw-ag.de\/wir-pflanzen-zukunft\/teilnahmebedingungen\/#breadcrumb","itemListElement":[{"@type":"ListItem","position":1,"name":"Startseite","item":"https:\/\/www.pw-ag.de\/wir-pflanzen-zukunft\/"},{"@type":"ListItem","position":2,"name":"Teilnahmebedingungen"}]},{"@type":"WebSite","@id":"https:\/\/www.pw-ag.de\/wir-pflanzen-zukunft\/#website","url":"https:\/\/www.pw-ag.de\/wir-pflanzen-zukunft\/","name":"PW AG | Wir pflanzen Zukunft","description":"","publisher":{"@id":"https:\/\/www.pw-ag.de\/wir-pflanzen-zukunft\/#organization"},"potentialAction":[{"@type":"SearchAction","target":{"@type":"EntryPoint","urlTemplate":"https:\/\/www.pw-ag.de\/wir-pflanzen-zukunft\/?s={search_term_string}"},"query-input":"required name=search_term_string"}],"inLanguage":"de"},{"@type":"Organization","@id":"https:\/\/www.pw-ag.de\/wir-pflanzen-zukunft\/#organization","name":"PW AG | Wir pflanzen Zukunft","url":"https:\/\/www.pw-ag.de\/wir-pflanzen-zukunft\/","logo":{"@type":"ImageObject","inLanguage":"de","@id":"https:\/\/www.pw-ag.de\/wir-pflanzen-zukunft\/#\/schema\/logo\/image\/","url":"https:\/\/www.pw-ag.de\/wir-pflanzen-zukunft\/wp-content\/uploads\/WpZ_Logo.png","contentUrl":"https:\/\/www.pw-ag.de\/wir-pflanzen-zukunft\/wp-content\/uploads\/WpZ_Logo.png","width":2407,"height":697,"caption":"PW AG | Wir pflanzen Zukunft"},"image":{"@id":"https:\/\/www.pw-ag.de\/wir-pflanzen-zukunft\/#\/schema\/logo\/image\/"}}]}},"_links":{"self":[{"href":"https:\/\/www.pw-ag.de\/wir-pflanzen-zukunft\/wp-json\/wp\/v2\/pages\/295"}],"collection":[{"href":"https:\/\/www.pw-ag.de\/wir-pflanzen-zukunft\/wp-json\/wp\/v2\/pages"}],"about":[{"href":"https:\/\/www.pw-ag.de\/wir-pflanzen-zukunft\/wp-json\/wp\/v2\/types\/page"}],"author":[{"embeddable":true,"href":"https:\/\/www.pw-ag.de\/wir-pflanzen-zukunft\/wp-json\/wp\/v2\/users\/1"}],"replies":[{"embeddable":true,"href":"https:\/\/www.pw-ag.de\/wir-pflanzen-zukunft\/wp-json\/wp\/v2\/comments?post=295"}],"version-history":[{"count":23,"href":"https:\/\/www.pw-ag.de\/wir-pflanzen-zukunft\/wp-json\/wp\/v2\/pages\/295\/revisions"}],"predecessor-version":[{"id":542,"href":"https:\/\/www.pw-ag.de\/wir-pflanzen-zukunft\/wp-json\/wp\/v2\/pages\/295\/revisions\/542"}],"wp:attachment":[{"href":"https:\/\/www.pw-ag.de\/wir-pflanzen-zukunft\/wp-json\/wp\/v2\/media?parent=295"}],"curies":[{"name":"wp","href":"https:\/\/api.w.org\/{rel}","templated":true}]}}